{"id":25,"date":"2020-02-13T13:17:50","date_gmt":"2020-02-13T18:17:50","guid":{"rendered":"https:\/\/gpsites.co\/wordsmith\/?page_id=25"},"modified":"2021-03-17T12:46:25","modified_gmt":"2021-03-17T12:46:25","slug":"home","status":"publish","type":"page","link":"https:\/\/kirjamees.ee\/","title":{"rendered":"Home"},"content":{"rendered":"\n<div class=\"gb-container gb-container-5ab0dc5c\"><div class=\"gb-inside-container\">\n<h1 class=\"gb-headline gb-headline-deb77047\">LOOME SELGEID S\u00d5NUMEID<\/h1>\n\n\n\n<div class=\"gb-headline-wrapper gb-headline-wrapper-064155cc\"><span class=\"gb-icon\"><svg xmlns=\"http:\/\/www.w3.org\/2000\/svg\" viewBox=\"0 0 512 512\"><path d=\"M492 236H20c-11.046 0-20 8.954-20 20s8.954 20 20 20h472c11.046 0 20-8.954 20-20s-8.954-20-20-20z\"><\/path><\/svg><\/span><p class=\"gb-headline gb-headline-064155cc\">SISUTURUNDUS<br\/>INTERNETITURUNDUS<br\/>AASTAST 2002<br\/><\/p><\/div>\n<\/div><\/div>\n\n\n\n<div class=\"gb-container gb-container-0f37b95b\"><div class=\"gb-inside-container\">\n<h2 class=\"gb-headline gb-headline-06692948\">ALUSTAME!<\/h2>\n\n\n\n<h3 class=\"gb-headline gb-headline-733068d8\">Head lood teevad teie teenustest ja toodetest v\u00f5i organisatsioonist legendi.<br\/>Hoiame seda legendi teie sihtgrupi inforuumis j\u00e4rjekindlalt elavana, <br\/>et v\u00f5idaksite seel\u00e4bi juurde uusi kliente ja kasvataksite kasumit.<br\/>Usume, et igal s\u00f5numil peab olema selge eesm\u00e4rk ja konkreetselt m\u00f5\u00f5detav tulemus.<br\/>V\u00f5tke meiega \u00fchendust, kui s\u00f5numite sisu, vorm ja edastamise viis on teile t\u00e4htsad! <br\/>E-post\u00a0<a href=\"mailto:info@sisuturundus.ee\">info@sisuturundus.ee<\/a>, telefon\u00a05919 8120.<\/h3>\n<\/div><\/div>\n\n\n\n<div class=\"gb-container gb-container-dd948876\"><div class=\"gb-inside-container\">\n<div class=\"gb-grid-wrapper gb-grid-wrapper-86fc5334\">\n<div class=\"gb-grid-column gb-grid-column-0ec2688e\"><div class=\"gb-container gb-container-0ec2688e\"><div class=\"gb-inside-container\">\n<style>.wp-show-posts-columns#wpsp-1253 {margin-left: -2em; }.wp-show-posts-columns#wpsp-1253 .wp-show-posts-inner {margin: 0 0 2em 2em; }<\/style><section id=\"wpsp-1253\" class=\" wp-show-posts-columns wp-show-posts\" style=\"\"><article class=\" wp-show-posts-single post-2627 post type-post status-publish format-standard has-post-thumbnail hentry category-uncategorized wpsp-col-6\" itemtype=\"http:\/\/schema.org\/CreativeWork\" itemscope><div class=\"wp-show-posts-inner\" style=\"\">\t\t<div class=\"wp-show-posts-image  wpsp-image-center \">\n\t\t\t<a href=\"https:\/\/kirjamees.ee\/?p=2627\"  title=\"\"><img loading=\"lazy\" decoding=\"async\" width=\"1180\" height=\"676\" src=\"https:\/\/kirjamees.ee\/wp-content\/uploads\/2021\/06\/jook.png\" class=\"attachment-full size-full wp-post-image\" alt=\"Alkoholireklaam\" itemprop=\"image\" srcset=\"https:\/\/kirjamees.ee\/wp-content\/uploads\/2021\/06\/jook.png 1180w, https:\/\/kirjamees.ee\/wp-content\/uploads\/2021\/06\/jook-300x172.png 300w, https:\/\/kirjamees.ee\/wp-content\/uploads\/2021\/06\/jook-1024x587.png 1024w, https:\/\/kirjamees.ee\/wp-content\/uploads\/2021\/06\/jook-768x440.png 768w\" sizes=\"auto, (max-width: 1180px) 100vw, 1180px\" \/><\/a>\t\t<\/div>\n\t\t\t\t\t\t\t\t<header class=\"wp-show-posts-entry-header\">\n\t\t\t\t\t\t\t<div class=\"wp-show-posts-entry-meta wp-show-posts-entry-meta-below-title post-meta-inline\"><span class=\"wp-show-posts-posted-on wp-show-posts-meta\">\n\t\t\t\t\t<a href=\"https:\/\/kirjamees.ee\/?p=2627\" title=\"7:22 am\" rel=\"bookmark\"><time class=\"wp-show-posts-entry-date published\" datetime=\"2021-06-04T07:22:08+00:00\" itemprop=\"datePublished\">June 4, 2021<\/time><time class=\"wp-show-posts-updated\" datetime=\"2021-06-04T07:31:56+00:00\" itemprop=\"dateModified\">June 4, 2021<\/time><\/a>\n\t\t\t\t<\/span><\/div>\t\t\t\t\t\t<\/header><!-- .entry-header -->\n\t\t\t\t\t<\/div><!-- wp-show-posts-inner --><\/article><article class=\" wp-show-posts-single post-2577 post type-post status-publish format-standard has-post-thumbnail hentry category-uncategorized tag-audioklipid tag-audioklippide-valmistamine tag-facebook tag-heliklipid tag-instagram tag-instagram-reels tag-internetiturundus tag-sisuturundus tag-sotsiaalmeedia tag-sotsiaalmeediaturundus tag-videoklipid tag-videoklippide-valmistamine wpsp-col-6\" itemtype=\"http:\/\/schema.org\/CreativeWork\" itemscope><div class=\"wp-show-posts-inner\" style=\"\">\t\t<div class=\"wp-show-posts-image  wpsp-image-center \">\n\t\t\t<a href=\"https:\/\/kirjamees.ee\/?p=2577\"  title=\"Instagrami uued v\u00f5imalused Eestis: Reels ja Music\"><img loading=\"lazy\" decoding=\"async\" width=\"1280\" height=\"853\" src=\"https:\/\/kirjamees.ee\/wp-content\/uploads\/2021\/03\/instagram.jpg\" class=\"attachment-full size-full wp-post-image\" alt=\"\" itemprop=\"image\" srcset=\"https:\/\/kirjamees.ee\/wp-content\/uploads\/2021\/03\/instagram.jpg 1280w, https:\/\/kirjamees.ee\/wp-content\/uploads\/2021\/03\/instagram-300x200.jpg 300w, https:\/\/kirjamees.ee\/wp-content\/uploads\/2021\/03\/instagram-1024x682.jpg 1024w, https:\/\/kirjamees.ee\/wp-content\/uploads\/2021\/03\/instagram-768x512.jpg 768w\" sizes=\"auto, (max-width: 1280px) 100vw, 1280px\" \/><\/a>\t\t<\/div>\n\t\t\t\t\t\t\t\t<header class=\"wp-show-posts-entry-header\">\n\t\t\t\t\t\t\t<h3 class=\"wp-show-posts-entry-title\" itemprop=\"headline\"><a href=\"https:\/\/kirjamees.ee\/?p=2577\" rel=\"bookmark\">Instagrami uued v\u00f5imalused Eestis: Reels ja Music<\/a><\/h3><div class=\"wp-show-posts-entry-meta wp-show-posts-entry-meta-below-title post-meta-inline\"><span class=\"wp-show-posts-posted-on wp-show-posts-meta\">\n\t\t\t\t\t<a href=\"https:\/\/kirjamees.ee\/?p=2577\" title=\"9:02 am\" rel=\"bookmark\"><time class=\"wp-show-posts-entry-date published\" datetime=\"2021-03-16T09:02:42+00:00\" itemprop=\"datePublished\">March 16, 2021<\/time><time class=\"wp-show-posts-updated\" datetime=\"2021-03-16T09:06:42+00:00\" itemprop=\"dateModified\">March 16, 2021<\/time><\/a>\n\t\t\t\t<\/span><\/div>\t\t\t\t\t\t<\/header><!-- .entry-header -->\n\t\t\t\t\t<\/div><!-- wp-show-posts-inner --><\/article><article class=\" wp-show-posts-single post-2560 post type-post status-publish format-standard has-post-thumbnail hentry category-uncategorized tag-kirjamees tag-sisuturundus tag-sisuturundusagentuur tag-sisuturundusartikkel tag-sotsiaalmeedia tag-sotsiaalmeediaturundus tag-turundus wpsp-col-6\" itemtype=\"http:\/\/schema.org\/CreativeWork\" itemscope><div class=\"wp-show-posts-inner\" style=\"\">\t\t<div class=\"wp-show-posts-image  wpsp-image-center \">\n\t\t\t<a href=\"https:\/\/kirjamees.ee\/?p=2560\"  title=\"Leiame v\u00f5imalusi kiireks sisuturunduseks\"><img loading=\"lazy\" decoding=\"async\" width=\"1280\" height=\"853\" src=\"https:\/\/kirjamees.ee\/wp-content\/uploads\/2021\/03\/sisuturundus.jpg\" class=\"attachment-full size-full wp-post-image\" alt=\"\" itemprop=\"image\" srcset=\"https:\/\/kirjamees.ee\/wp-content\/uploads\/2021\/03\/sisuturundus.jpg 1280w, https:\/\/kirjamees.ee\/wp-content\/uploads\/2021\/03\/sisuturundus-300x200.jpg 300w, https:\/\/kirjamees.ee\/wp-content\/uploads\/2021\/03\/sisuturundus-1024x682.jpg 1024w, https:\/\/kirjamees.ee\/wp-content\/uploads\/2021\/03\/sisuturundus-768x512.jpg 768w\" sizes=\"auto, (max-width: 1280px) 100vw, 1280px\" \/><\/a>\t\t<\/div>\n\t\t\t\t\t\t\t\t<header class=\"wp-show-posts-entry-header\">\n\t\t\t\t\t\t\t<h3 class=\"wp-show-posts-entry-title\" itemprop=\"headline\"><a href=\"https:\/\/kirjamees.ee\/?p=2560\" rel=\"bookmark\">Leiame v\u00f5imalusi kiireks sisuturunduseks<\/a><\/h3><div class=\"wp-show-posts-entry-meta wp-show-posts-entry-meta-below-title post-meta-inline\"><span class=\"wp-show-posts-posted-on wp-show-posts-meta\">\n\t\t\t\t\t<a href=\"https:\/\/kirjamees.ee\/?p=2560\" title=\"2:44 pm\" rel=\"bookmark\"><time class=\"wp-show-posts-entry-date published\" datetime=\"2021-03-14T14:44:52+00:00\" itemprop=\"datePublished\">March 14, 2021<\/time><time class=\"wp-show-posts-updated\" datetime=\"2021-03-15T16:17:50+00:00\" itemprop=\"dateModified\">March 15, 2021<\/time><\/a>\n\t\t\t\t<\/span><\/div>\t\t\t\t\t\t<\/header><!-- .entry-header -->\n\t\t\t\t\t<\/div><!-- wp-show-posts-inner --><\/article><div class=\"wpsp-clear\"><\/div><\/section><!-- .wp-show-posts -->\n<\/div><\/div><\/div>\n<\/div>\n<\/div><\/div>\n\n\n\n<div class=\"gb-container gb-container-6d35596e\"><div class=\"gb-inside-container\"><\/div><\/div>\n","protected":false},"excerpt":{"rendered":"<p>LOOME SELGEID S\u00d5NUMEID SISUTURUNDUSINTERNETITURUNDUSAASTAST 2002 ALUSTAME! Head lood teevad teie teenustest ja toodetest v\u00f5i organisatsioonist legendi.Hoiame seda legendi teie sihtgrupi inforuumis j\u00e4rjekindlalt elavana, et v\u00f5idaksite seel\u00e4bi juurde uusi kliente ja kasvataksite kasumit.Usume, et igal s\u00f5numil peab olema selge eesm\u00e4rk ja &#8230; <\/p>\n<p class=\"read-more-container\"><a title=\"Leiame v\u00f5imalusi kiireks sisuturunduseks\" class=\"read-more button\" href=\"https:\/\/kirjamees.ee\/?p=2560#more-2560\">Loe rohkem<span class=\"screen-reader-text\">Leiame v\u00f5imalusi kiireks sisuturunduseks<\/span><\/a><\/p>\n","protected":false},"author":1,"featured_media":0,"parent":0,"menu_order":0,"comment_status":"closed","ping_status":"closed","template":"","meta":{"footnotes":""},"class_list":["post-25","page","type-page","status-publish","hentry"],"_links":{"self":[{"href":"https:\/\/kirjamees.ee\/index.php?rest_route=\/wp\/v2\/pages\/25","targetHints":{"allow":["GET"]}}],"collection":[{"href":"https:\/\/kirjamees.ee\/index.php?rest_route=\/wp\/v2\/pages"}],"about":[{"href":"https:\/\/kirjamees.ee\/index.php?rest_route=\/wp\/v2\/types\/page"}],"author":[{"embeddable":true,"href":"https:\/\/kirjamees.ee\/index.php?rest_route=\/wp\/v2\/users\/1"}],"replies":[{"embeddable":true,"href":"https:\/\/kirjamees.ee\/index.php?rest_route=%2Fwp%2Fv2%2Fcomments&post=25"}],"version-history":[{"count":18,"href":"https:\/\/kirjamees.ee\/index.php?rest_route=\/wp\/v2\/pages\/25\/revisions"}],"predecessor-version":[{"id":2581,"href":"https:\/\/kirjamees.ee\/index.php?rest_route=\/wp\/v2\/pages\/25\/revisions\/2581"}],"wp:attachment":[{"href":"https:\/\/kirjamees.ee\/index.php?rest_route=%2Fwp%2Fv2%2Fmedia&parent=25"}],"curies":[{"name":"wp","href":"https:\/\/api.w.org\/{rel}","templated":true}]}}