{"id":160,"date":"2020-02-18T13:47:02","date_gmt":"2020-02-18T18:47:02","guid":{"rendered":"https:\/\/gpsites.co\/wordsmith\/?page_id=160"},"modified":"2026-04-09T05:42:23","modified_gmt":"2026-04-09T05:42:23","slug":"about","status":"publish","type":"page","link":"https:\/\/kirjamees.ee\/?page_id=160","title":{"rendered":"SISUTURUNDUS"},"content":{"rendered":"\n<p><\/p>\n\n\n\n<h2 class=\"wp-block-heading has-text-align-center\">SISULOOME<\/h2>\n\n\n\n<p class=\"has-text-align-center\">Veebitekstide, kampaanias\u00f5numite, uudiste, reklaamartiklite,<br>video- ja audioklippide tekstide ning stsenaariumite,<br>pressiteadete, ettekannete, tootetutvustuste, infomaterjalide,<br>ilukirjanduslike tekstide jms. kirjutamine ja toimetamine.<\/p>\n\n\n\n<p class=\"has-text-align-center\">Kliendilehtede, voldikute ja muude tr\u00fckimaterjalide<br>koostamine, kirjutamine, toimetamine ning v\u00e4ljaandmine.<\/p>\n\n\n\n<p class=\"has-text-align-center\">Suuremahuliste tekstide koostamine, kirjutamine ja toimetamine:<br>bro\u0161\u00fc\u00fcrid, raamatud, albumid, prospektid, projektid, anal\u00fc\u00fcsid.<\/p>\n\n\n\n<p class=\"has-text-align-center\">Sotsiaalmeedia postituste tekstid ja kujundused.<\/p>\n\n\n\n<p class=\"has-text-align-center\">Uudiskirjade tekstid ja kujundused.<\/p>\n\n\n\n<p class=\"has-text-align-center\">Kodu- ja kampaanialehtede&nbsp;sisu t\u00e4iustamine ja uuendamine.<\/p>\n\n\n\n<h2 class=\"wp-block-heading has-text-align-center\">Graafiline disain<\/h2>\n\n\n\n<p class=\"has-text-align-center\">Firmastiil, tr\u00fcki- ja internetireklaam, pakendid, flaierid, plakatid,<br>esitlus- ja m\u00fc\u00fcgimaterjalid, bro\u0161\u00fc\u00fcrid, raamatud <br>ning uudiskirjad ja raamatud.<\/p>\n\n\n\n<h2 class=\"wp-block-heading has-text-align-center\">FOTO, VIDEO ja Audio<\/h2>\n\n\n\n<p class=\"has-text-align-center\">Kinnisvara- ja tootefotod, video- ja audioklipid.<\/p>\n\n\n\n<h2 class=\"wp-block-heading has-text-align-center\">N\u00f5ustamine ja koolitus<\/h2>\n\n\n\n<p class=\"has-text-align-center\">Turundus- ja kommunikatsioonialane n\u00f5ustamine: <br>vana ja uus meedia, erinevad meediakanalid, meediaga suhtlemine.<\/p>\n\n\n\n<h2 class=\"gb-headline gb-headline-55be615b gb-headline-text\">Teenuste hinnastamine<\/h2>\n\n\n\n<p class=\"has-text-align-center\">Sisuturunduse puhul ei ole teenusepakkujal alati kerge <br>v\u00e4lja tuua konkreetseid hindu, sest iga kliendi soovid <br>on v\u00e4hemal v\u00f5i suuremal m\u00e4\u00e4ral unikaalsed.<br>Nii on n\u00e4iteks m\u00f5ne t\u00f6\u00f6 tegemiseks \u00fchel kliendil pakkuda kuhjaga algmaterjale, <br>teise jaoks tuleb k\u00f5ik nii-\u00f6elda puhtalt lehelt v\u00e4lja m\u00f5elda. <br>Vaev ja ajakulu on ilmselgelt erinev.&nbsp;<br>Seega saame teenuste hinda pakkuda, <br>kui oleme end kliendi soovidega \u00fcksikasjalikult kurssi viinud.<br>Oma soovidest andke julgesti teada e-posti aadressil<br>&nbsp;<a href=\"mailto:info@sisuturundus.ee\">info@sisuturundus.ee<\/a>&nbsp;v\u00f5i helistage&nbsp;5919 8120.<\/p>\n\n\n\n<h2 class=\"wp-block-heading has-text-align-center\">sisuturundust tellinud kliendid<\/h2>\n\n\n\n<p class=\"has-text-align-center\">Kinnisvaraportaal AS (City24.ee)<br>IIZI Kindlustusmaakler AS<br>Eesti Ehitusettev\u00f5tjate Liit<br>Laineravi O\u00dc<br>Bulkestate O\u00dc<br>Future Furniture O\u00dc<br>Plasteral O\u00dc<br>Swaison Ltd<br><a href=\"https:\/\/gurmaan.ee\/\">Gurmaan O\u00dc<\/a><br><a href=\"https:\/\/gusterra.ee\/\">Gusterra.ee<\/a><br>&#8230;<\/p>\n","protected":false},"excerpt":{"rendered":"<p>SISULOOME Veebitekstide, kampaanias\u00f5numite, uudiste, reklaamartiklite,video- ja audioklippide tekstide ning stsenaariumite,pressiteadete, ettekannete, tootetutvustuste, infomaterjalide,ilukirjanduslike tekstide jms. kirjutamine ja toimetamine. Kliendilehtede, voldikute ja muude tr\u00fckimaterjalidekoostamine, kirjutamine, toimetamine ning v\u00e4ljaandmine. Suuremahuliste tekstide koostamine, kirjutamine ja toimetamine:bro\u0161\u00fc\u00fcrid, raamatud, albumid, prospektid, projektid, anal\u00fc\u00fcsid. Sotsiaalmeedia postituste &#8230; <\/p>\n<p class=\"read-more-container\"><a title=\"SISUTURUNDUS\" class=\"read-more button\" href=\"https:\/\/kirjamees.ee\/?page_id=160#more-160\">Loe rohkem<span class=\"screen-reader-text\">SISUTURUNDUS<\/span><\/a><\/p>\n","protected":false},"author":1,"featured_media":0,"parent":0,"menu_order":0,"comment_status":"closed","ping_status":"closed","template":"","meta":{"footnotes":""},"class_list":["post-160","page","type-page","status-publish"],"_links":{"self":[{"href":"https:\/\/kirjamees.ee\/index.php?rest_route=\/wp\/v2\/pages\/160","targetHints":{"allow":["GET"]}}],"collection":[{"href":"https:\/\/kirjamees.ee\/index.php?rest_route=\/wp\/v2\/pages"}],"about":[{"href":"https:\/\/kirjamees.ee\/index.php?rest_route=\/wp\/v2\/types\/page"}],"author":[{"embeddable":true,"href":"https:\/\/kirjamees.ee\/index.php?rest_route=\/wp\/v2\/users\/1"}],"replies":[{"embeddable":true,"href":"https:\/\/kirjamees.ee\/index.php?rest_route=%2Fwp%2Fv2%2Fcomments&post=160"}],"version-history":[{"count":15,"href":"https:\/\/kirjamees.ee\/index.php?rest_route=\/wp\/v2\/pages\/160\/revisions"}],"predecessor-version":[{"id":2644,"href":"https:\/\/kirjamees.ee\/index.php?rest_route=\/wp\/v2\/pages\/160\/revisions\/2644"}],"wp:attachment":[{"href":"https:\/\/kirjamees.ee\/index.php?rest_route=%2Fwp%2Fv2%2Fmedia&parent=160"}],"curies":[{"name":"wp","href":"https:\/\/api.w.org\/{rel}","templated":true}]}}